{"id":1291,"date":"2017-08-23T13:07:52","date_gmt":"2017-08-23T13:07:52","guid":{"rendered":"https:\/\/osd.al\/?page_id=1291"},"modified":"2022-04-14T09:19:40","modified_gmt":"2022-04-14T09:19:40","slug":"a2-2-2","status":"publish","type":"page","link":"https:\/\/aie-osd.al\/?page_id=1291","title":{"rendered":"\u00d6SD Zertifikat A2"},"content":{"rendered":"<p><span style=\"color: #0776b6;\"><strong>Objektivi i provimit<\/strong><\/span><\/p>\n<p><span style=\"color: #000000;\">P\u00ebr certifikat\u00eb \u00d6SD A2 pjes\u00ebmarr\u00ebsit duhet t\u00eb jen\u00eb n\u00eb gjendje t\u00eb komunikojn\u00eb n\u00eb situata t\u00eb thjeshta t\u00eb p\u00ebrditshme n\u00eb baza elementare dhe situata t\u00eb p\u00ebrditshme&nbsp; profesionale.<\/span><\/p>\n<p><span style=\"color: #000000;\">Certifikata \u00d6SD A2 \u00ebsht\u00eb projektuar p\u00ebr nx\u00ebn\u00ebsit gjermanisht fol\u00ebs&nbsp; mbi 14 vjet dhe ofron d\u00ebshmin\u00eb e kompetenc\u00ebs gjuh\u00ebsore n\u00eb situata t\u00eb zakonshme me tema dhe aktivitete t\u00eb njohura.<\/span><\/p>\n<p><span style=\"color: #000000;\">N\u00eb k\u00ebt\u00eb provim jan\u00eb testuar aft\u00ebsit\u00eb n\u00eb lexim, d\u00ebgjim, shkrim dhe t\u00eb folur. Fokusi i k\u00ebsaj faze \u00ebsht\u00eb n\u00eb rangun e aft\u00ebsive perceptive n\u00eb&nbsp;lexim dhe d\u00ebgjim.<\/span><\/p>\n<p><span style=\"color: #0776b6;\"><strong>Pjes\u00ebt e provimit<\/strong><\/span><\/p>\n<p><span style=\"color: #000000;\">&nbsp; &nbsp; &nbsp; &nbsp; &nbsp; <strong>T\u00eb lexuarit:&nbsp;<\/strong><\/span><\/p>\n<ul>\n<li><span style=\"color: #000000;\">Kjo pjes\u00eb ka 2 detyra n\u00eb p\u00ebrb\u00ebrje t\u00eb saj. Kjo pjes\u00eb konsiston n\u00eb t\u00eb kuptuarit e teksteve t\u00eb ndryshme nga Austria, Gjermania dhe Zvicra.&nbsp; Kandidati do t\u00eb&nbsp; vler\u00ebsohet &nbsp;n\u00eb aft\u00ebsit\u00eb n\u00eb t\u00eb kuptuarit t\u00eb p\u00ebrmbajtjes s\u00eb tyre individuale n\u00eb baz\u00eb t\u00eb 2 detyrave.<\/span><\/li>\n<li><span style=\"color: #000000;\">Koh\u00ebzgjatja : 30 minuta<\/span><\/li>\n<\/ul>\n<p>&nbsp;<br \/>\n<span style=\"color: #000000;\">&nbsp; &nbsp; &nbsp; &nbsp; &nbsp;<strong> T\u00eb d\u00ebgjuarit:<\/strong><\/span><\/p>\n<ul>\n<li><span style=\"color: #000000;\">Kjo pjes\u00eb ka 3 detyra n\u00eb p\u00ebrb\u00ebrje t\u00eb saj. Kandidati do t\u00eb&nbsp; vler\u00ebsohet &nbsp;n\u00eb aft\u00ebsit\u00eb e t\u00eb &nbsp;kuptuarit global dhe t\u00eb detajuar t\u00eb gjuh\u00ebs s\u00eb teksteve t\u00eb folura standarde nga Austria, Gjermania dhe Zvicra.<\/span><\/li>\n<li><span style=\"color: #000000;\">Koh\u00ebzgjatja: rreth 10 minuta<\/span><\/li>\n<\/ul>\n<p>&nbsp;<br \/>\n<span style=\"color: #000000;\">&nbsp; &nbsp; &nbsp; &nbsp; &nbsp; <strong>T\u00eb shkruarit:<\/strong><\/span><\/p>\n<ul>\n<li><span style=\"color: #000000;\">Kjo pjes\u00eb ka 1 detyr\u00eb n\u00eb p\u00ebrb\u00ebrjen e saj. Kandidati do t\u00eb&nbsp; vler\u00ebsohet&nbsp; n\u00eb aft\u00ebsit\u00eb e shkrimit t\u00eb nj\u00eb letre\/ emaili, nj\u00eb p\u00ebrgjigje t\u00eb nj\u00eb pyetje dhe &nbsp;\u00e7\u00ebshtjeve t\u00eb parashtruara n\u00eb email. Provimi me shkrim vler\u00ebsohet sipas kritereve t\u00eb p\u00ebrcaktuara.<\/span><\/li>\n<li><span style=\"color: #000000;\">Koh\u00ebzgjatja: 30 minuta<\/span><\/li>\n<\/ul>\n<p>&nbsp;<br \/>\n<span style=\"color: #000000;\">&nbsp; &nbsp; &nbsp; &nbsp; &nbsp; <strong>T\u00eb folurit:<\/strong><\/span><\/p>\n<ul>\n<li><span style=\"color: #000000;\">Kjo pjes\u00eb ka 2 detyra n\u00eb p\u00ebrb\u00ebrje t\u00eb saj: Pas nj\u00eb detyr\u00eb monolog (flasim p\u00ebr veten), detyra e dyt\u00eb &nbsp;\u00ebsht\u00eb nj\u00eb bised\u00eb e shkurt\u00ebr n\u00eb lidhje me nj\u00eb tem\u00eb t\u00eb p\u00ebrditshme . Provimi me goj\u00eb vler\u00ebsohet sipas kritereve t\u00eb p\u00ebrcaktuara.<\/span><\/li>\n<li><span style=\"color: #000000;\">Koh\u00ebzgjatja: rreth 10 minuta<\/span><\/li>\n<\/ul>\n<p>&nbsp;<\/p>\n<p><a href=\"https:\/\/aie-osd.al\/wp-content\/uploads\/2017\/08\/ZA-2.zip\" target=\"_blank\" rel=\"noopener\">Klikoni k\u00ebtu p\u00ebr download- shembull provimi A2<\/a><\/p>\n<div class='sfsi_Sicons' style='width: 100%; display: inline-block; vertical-align: middle; text-align:right'><div style='margin:0px 8px 0px 0px; line-height: 24px'><span>Please follow and like us:<\/span><\/div><div class='sfsi_socialwpr'><div class='sf_subscrbe' style='text-align:left;float:left;width:93px'><a href=\"http:\/\/www.specificfeeds.com\/widgets\/emailSubscribeEncFeed\/UUJSMGNCQWZnNU5xcU14WkZPTHBpVGxMMURLVE0xb0JCQzZoM3JJOSswL244Q3c1RHZCeE1zaTdHSHBudFJUWTN0eDBLc0RNcU84NUxwVFpKaCtwaXU3enJobWwyU2NBY1dhV29jRkhtRWoxNk5uLzZud2o0bi8wUkdjcU1qbEZ8cTV3SzdSSURoTFJnYXFDMnRtbkxPSkpFUHJVUXRyRWV0OWpkMTBKUFc4UT0=\/OA==\/\" target=\"_blank\"><img decoding=\"async\" src=\"https:\/\/aie-osd.al\/wp-content\/plugins\/ultimate-social-media-icons\/images\/follow_subscribe.png\" \/><\/a><span class=\"bot_no\">20<\/span><\/div><div class='sf_fb' style='text-align:left;width:125px'><div class=\"fb-like\" href=\"https:\/\/aie-osd.al\/?page_id=1291\" width=\"180\" send=\"false\" showfaces=\"false\"  action=\"like\" data-share=\"true\"data-layout=\"button_count\" ><\/div><\/div><div class='sf_twiter' style='text-align:left;float:left;width:auto'><a href=\"http:\/\/twitter.com\/share\" class=\"sr-twitter-button twitter-share-button\" lang=\"en\" data-counturl=\"https:\/\/aie-osd.al\/?page_id=1291\" data-url=\"https:\/\/aie-osd.al\/?page_id=1291\" data-text=\"\u00d6SD Zertifikat A2\" ><\/a><\/div><div class='sf_pinit' style='text-align:left;float:left;line-height: 20px;width:100px'><a href=\"https:\/\/www.pinterest.com\/pin\/create\/button\/?url=&media=&description=\" data-pin-do=\"buttonPin\" data-pin-save=\"true\"data-pin-count=\"beside\"><\/a><\/div><div class='sf_google' style='text-align:left;float:left;max-width:62px;min-width:35px;'><div class=\"g-plusone\" data-href=\"https:\/\/aie-osd.al\/?page_id=1291\" data-size=\"large\" ><\/div><\/div><\/div><\/div>","protected":false},"excerpt":{"rendered":"<p>Objektivi i provimit P\u00ebr certifikat\u00eb \u00d6SD A2 pjes\u00ebmarr\u00ebsit duhet t\u00eb jen\u00eb n\u00eb gjendje t\u00eb komunikojn\u00eb n\u00eb situata t\u00eb thjeshta t\u00eb p\u00ebrditshme n\u00eb baza elementare dhe situata t\u00eb p\u00ebrditshme&nbsp; profesionale. Certifikata \u00d6SD A2 \u00ebsht\u00eb projektuar p\u00ebr nx\u00ebn\u00ebsit gjermanisht fol\u00ebs&nbsp; mbi 14 <a href=\"https:\/\/aie-osd.al\/?page_id=1291\" class=\"read-more\">Read More &#8230;<\/a><\/p>\n","protected":false},"author":1,"featured_media":0,"parent":0,"menu_order":0,"comment_status":"closed","ping_status":"closed","template":"","meta":{"footnotes":""},"class_list":["post-1291","page","type-page","status-publish","hentry"],"_links":{"self":[{"href":"https:\/\/aie-osd.al\/index.php?rest_route=\/wp\/v2\/pages\/1291","targetHints":{"allow":["GET"]}}],"collection":[{"href":"https:\/\/aie-osd.al\/index.php?rest_route=\/wp\/v2\/pages"}],"about":[{"href":"https:\/\/aie-osd.al\/index.php?rest_route=\/wp\/v2\/types\/page"}],"author":[{"embeddable":true,"href":"https:\/\/aie-osd.al\/index.php?rest_route=\/wp\/v2\/users\/1"}],"replies":[{"embeddable":true,"href":"https:\/\/aie-osd.al\/index.php?rest_route=%2Fwp%2Fv2%2Fcomments&post=1291"}],"version-history":[{"count":15,"href":"https:\/\/aie-osd.al\/index.php?rest_route=\/wp\/v2\/pages\/1291\/revisions"}],"predecessor-version":[{"id":5409,"href":"https:\/\/aie-osd.al\/index.php?rest_route=\/wp\/v2\/pages\/1291\/revisions\/5409"}],"wp:attachment":[{"href":"https:\/\/aie-osd.al\/index.php?rest_route=%2Fwp%2Fv2%2Fmedia&parent=1291"}],"curies":[{"name":"wp","href":"https:\/\/api.w.org\/{rel}","templated":true}]}}