{"id":1297,"date":"2017-08-23T13:14:14","date_gmt":"2017-08-23T13:14:14","guid":{"rendered":"https:\/\/osd.al\/?page_id=1297"},"modified":"2022-04-14T09:28:32","modified_gmt":"2022-04-14T09:28:32","slug":"b2-2","status":"publish","type":"page","link":"https:\/\/aie-osd.al\/?page_id=1297","title":{"rendered":"\u00d6SD Zertifikat B2"},"content":{"rendered":"<p><span style=\"color: #0776b6;\"><strong>Objektivi i provimit <\/strong><\/span><\/p>\n<p><span style=\"color: #000000;\">P\u00ebr&nbsp;\u00d6SD B2 &nbsp;kandidati duhet t\u00eb jet\u00eb n\u00eb gjendje t\u00eb shprehi veten e tij n\u00eb m\u00ebnyr\u00eb t\u00eb qart\u00eb dhe rrjedhsh\u00ebm, n\u00eb detaje n\u00eb nj\u00eb gam\u00eb t\u00eb gjer\u00eb t\u00eb subjekteve dhe b\u00ebn nd\u00ebrveprim t\u00eb&nbsp; rregullt spontanisht me njer\u00ebz t\u00eb nivelit s\u00eb gjuh\u00ebs amtare. &nbsp;Me k\u00ebt\u00eb test d\u00ebshmohen aft\u00ebsit\u00eb gjuh\u00ebsore p\u00ebr t\u00eb komunikuar n\u00eb situata q\u00eb shkojn\u00eb p\u00ebrtej sfer\u00ebs private edhe publike n\u00eb (gjysm\u00eb) profesionale.<\/span><\/p>\n<p><span style=\"color: #0776b6;\"><strong>Pjes\u00ebt e provimit<\/strong><\/span><\/p>\n<p><strong><span style=\"color: #000000;\">&nbsp; &nbsp; &nbsp; &nbsp; &nbsp;T\u00eb lexuarit:<\/span><\/strong><\/p>\n<ul>\n<li><span style=\"color: #000000;\">Kjo pjes\u00eb ka 4 detyra n\u00eb p\u00ebrb\u00ebrje t\u00eb saj. Ajo konsiston n\u00eb t\u00eb kuptuarit e teksteve t\u00eb ndryshme autentike nga Austria, Gjermania dhe Zvicra ku do t\u00eb shqyrtojn\u00eb p\u00ebrmbledhjen e tyre dhe p\u00ebrmbajtjen e tyre individuale bazuar n\u00eb kat\u00ebr detyra.<\/span><\/li>\n<li><span style=\"color: #000000;\">Koh\u00ebzgjatja: 90 minuta<\/span><\/li>\n<\/ul>\n<p>&nbsp;<br \/>\n<span style=\"color: #000000;\">&nbsp; &nbsp; &nbsp; &nbsp; &nbsp; <strong>T\u00eb d\u00ebgjuarit:<\/strong><\/span><\/p>\n<ul>\n<li><span style=\"color: #000000;\">Kjo pjes\u00eb ka 2 detyra n\u00eb p\u00ebrb\u00ebrje t\u00eb saj. Kandidati do t\u00eb&nbsp; vler\u00ebsohet&nbsp; n\u00eb aft\u00ebsit\u00eb e t\u00eb &nbsp;kuptuarit n\u00eb detaje dhe t\u00eb kuptuarit selektiv t\u00eb gjuh\u00ebs standarde t\u00eb folur n\u00eb &nbsp;tekste autentike d\u00ebgjimore &nbsp;nga Austria, Gjermania dhe Zvicra me \u00e7\u00ebshtje t\u00eb p\u00ebrgjithshme dhe specifike.<\/span><\/li>\n<li><span style=\"color: #000000;\">Koh\u00ebzgjatja: rreth 40 minuta<\/span><\/li>\n<\/ul>\n<p>&nbsp;<br \/>\n<span style=\"color: #000000;\">&nbsp; &nbsp; &nbsp; &nbsp; <strong>&nbsp; T\u00eb shkruarit:<\/strong><\/span><\/p>\n<ul>\n<li><span style=\"color: #000000;\">Kjo pjes\u00eb ka 2 detyra n\u00eb p\u00ebrb\u00ebrjen e saj. Kandidati do t\u00eb&nbsp; vler\u00ebsohet&nbsp; n\u00eb aft\u00ebsit\u00eb e t\u00eb shkruarit dy tekste (email formal, arsyetim\/shprehje mendimi ). Provimi me shkrim vler\u00ebsohet sipas kritereve t\u00eb&nbsp;p\u00ebrcaktuara.<\/span><\/li>\n<li><span style=\"color: #000000;\">Koh\u00ebzgjatja: 90 minuta<\/span><\/li>\n<\/ul>\n<p>&nbsp;<br \/>\n<span style=\"color: #000000;\">&nbsp; &nbsp; &nbsp; &nbsp; &nbsp; <strong>T\u00eb folurit:<\/strong><\/span><\/p>\n<ul>\n<li><span style=\"color: #000000;\">Kjo pjes\u00eb ka 3 detyra n\u00eb p\u00ebrb\u00ebrje t\u00eb&nbsp;saj: nj\u00eb intervist\u00eb informative, nj\u00eb p\u00ebrshkrim t\u00eb nj\u00eb &nbsp;imazhi dhe nj\u00eb diskutim. Provimi me goj\u00eb vler\u00ebsohet sipas kritereve t\u00eb p\u00ebrcaktuara.<\/span><\/li>\n<li><span style=\"color: #000000;\">Koh\u00ebzgjatja: rreth 15- 20 minuta<\/span><\/li>\n<\/ul>\n<p>&nbsp;<\/p>\n<p><a href=\"https:\/\/aie-osd.al\/wp-content\/uploads\/2017\/08\/ZB2_MS-1.zip\" target=\"_blank\" rel=\"noopener\">Klikoni k\u00ebtu p\u00ebr download- shembull provimi B2<\/a><\/p>\n<p>&nbsp;<\/p>\n<div class='sfsi_Sicons' style='width: 100%; display: inline-block; vertical-align: middle; text-align:right'><div style='margin:0px 8px 0px 0px; line-height: 24px'><span>Please follow and like us:<\/span><\/div><div class='sfsi_socialwpr'><div class='sf_subscrbe' style='text-align:left;float:left;width:93px'><a href=\"http:\/\/www.specificfeeds.com\/widgets\/emailSubscribeEncFeed\/UUJSMGNCQWZnNU5xcU14WkZPTHBpVGxMMURLVE0xb0JCQzZoM3JJOSswL244Q3c1RHZCeE1zaTdHSHBudFJUWTN0eDBLc0RNcU84NUxwVFpKaCtwaXU3enJobWwyU2NBY1dhV29jRkhtRWoxNk5uLzZud2o0bi8wUkdjcU1qbEZ8cTV3SzdSSURoTFJnYXFDMnRtbkxPSkpFUHJVUXRyRWV0OWpkMTBKUFc4UT0=\/OA==\/\" target=\"_blank\"><img decoding=\"async\" src=\"https:\/\/aie-osd.al\/wp-content\/plugins\/ultimate-social-media-icons\/images\/follow_subscribe.png\" \/><\/a><span class=\"bot_no\">20<\/span><\/div><div class='sf_fb' style='text-align:left;width:125px'><div class=\"fb-like\" href=\"https:\/\/aie-osd.al\/?page_id=1297\" width=\"180\" send=\"false\" showfaces=\"false\"  action=\"like\" data-share=\"true\"data-layout=\"button_count\" ><\/div><\/div><div class='sf_twiter' style='text-align:left;float:left;width:auto'><a href=\"http:\/\/twitter.com\/share\" class=\"sr-twitter-button twitter-share-button\" lang=\"en\" data-counturl=\"https:\/\/aie-osd.al\/?page_id=1297\" data-url=\"https:\/\/aie-osd.al\/?page_id=1297\" data-text=\"\u00d6SD Zertifikat B2\" ><\/a><\/div><div class='sf_pinit' style='text-align:left;float:left;line-height: 20px;width:100px'><a href=\"https:\/\/www.pinterest.com\/pin\/create\/button\/?url=&media=&description=\" data-pin-do=\"buttonPin\" data-pin-save=\"true\"data-pin-count=\"beside\"><\/a><\/div><div class='sf_google' style='text-align:left;float:left;max-width:62px;min-width:35px;'><div class=\"g-plusone\" data-href=\"https:\/\/aie-osd.al\/?page_id=1297\" data-size=\"large\" ><\/div><\/div><\/div><\/div>","protected":false},"excerpt":{"rendered":"<p>Objektivi i provimit P\u00ebr&nbsp;\u00d6SD B2 &nbsp;kandidati duhet t\u00eb jet\u00eb n\u00eb gjendje t\u00eb shprehi veten e tij n\u00eb m\u00ebnyr\u00eb t\u00eb qart\u00eb dhe rrjedhsh\u00ebm, n\u00eb detaje n\u00eb nj\u00eb gam\u00eb t\u00eb gjer\u00eb t\u00eb subjekteve dhe b\u00ebn nd\u00ebrveprim t\u00eb&nbsp; rregullt spontanisht me njer\u00ebz t\u00eb <a href=\"https:\/\/aie-osd.al\/?page_id=1297\" class=\"read-more\">Read More &#8230;<\/a><\/p>\n","protected":false},"author":1,"featured_media":0,"parent":0,"menu_order":0,"comment_status":"closed","ping_status":"closed","template":"","meta":{"footnotes":""},"class_list":["post-1297","page","type-page","status-publish","hentry"],"_links":{"self":[{"href":"https:\/\/aie-osd.al\/index.php?rest_route=\/wp\/v2\/pages\/1297","targetHints":{"allow":["GET"]}}],"collection":[{"href":"https:\/\/aie-osd.al\/index.php?rest_route=\/wp\/v2\/pages"}],"about":[{"href":"https:\/\/aie-osd.al\/index.php?rest_route=\/wp\/v2\/types\/page"}],"author":[{"embeddable":true,"href":"https:\/\/aie-osd.al\/index.php?rest_route=\/wp\/v2\/users\/1"}],"replies":[{"embeddable":true,"href":"https:\/\/aie-osd.al\/index.php?rest_route=%2Fwp%2Fv2%2Fcomments&post=1297"}],"version-history":[{"count":18,"href":"https:\/\/aie-osd.al\/index.php?rest_route=\/wp\/v2\/pages\/1297\/revisions"}],"predecessor-version":[{"id":5397,"href":"https:\/\/aie-osd.al\/index.php?rest_route=\/wp\/v2\/pages\/1297\/revisions\/5397"}],"wp:attachment":[{"href":"https:\/\/aie-osd.al\/index.php?rest_route=%2Fwp%2Fv2%2Fmedia&parent=1297"}],"curies":[{"name":"wp","href":"https:\/\/api.w.org\/{rel}","templated":true}]}}