{"id":1303,"date":"2017-08-23T13:22:04","date_gmt":"2017-08-23T13:22:04","guid":{"rendered":"https:\/\/osd.al\/?page_id=1303"},"modified":"2022-04-14T09:32:06","modified_gmt":"2022-04-14T09:32:06","slug":"c2-2","status":"publish","type":"page","link":"https:\/\/aie-osd.al\/?page_id=1303","title":{"rendered":"\u00d6SD Zertifikat C2"},"content":{"rendered":"<p><span style=\"color: #0776b6;\"><strong>\u00c7ertifikata \u00d6SD C2<\/strong><\/span><\/p>\n<p style=\"background: white; margin: 0in 0in 11.25pt 0in;\"><span style=\"font-size: 10.5pt; font-family: 'Open Sans',sans-serif; color: black;\">P\u00ebr provimin \u00d6SD C2, pjes\u00ebmarr\u00ebsit duhet t\u00eb jen\u00eb n\u00eb gjendje t\u00eb komunikojn\u00eb n\u00eb situata nga m\u00eb t\u00eb ndryshmet t\u00eb jet\u00ebs shoq\u00ebrore dhe profesionale edhe n\u00eb kontekstet m\u00eb komplekse.<\/span><\/p>\n<p style=\"background: white; margin: 0in 0in 11.25pt 0in;\"><span style=\"font-size: 10.5pt; font-family: 'Open Sans',sans-serif; color: black;\">Me k\u00ebt\u00eb ekzaminim, profesor\u00ebt gjermano-fol\u00ebs kan\u00eb nj\u00eb kompetenc\u00eb gjith\u00ebp\u00ebrfshir\u00ebse dhe profesionale, e cila karakterizohet nga nj\u00eb nivel shum\u00eb i lart\u00eb i korrekt\u00ebsis\u00eb dhe p\u00ebrshtatshm\u00ebris\u00eb specifike t\u00eb situat\u00ebs.<\/span><\/p>\n<p style=\"background: white; margin: 0in 0in 11.25pt 0in;\"><span style=\"font-size: 10.5pt; font-family: 'Open Sans',sans-serif; color: black;\">Provimi ofrohet p\u00ebr personat mbi mosh\u00ebn 16 vje\u00e7.<\/span><\/p>\n<p><span style=\"color: #0776b6;\"><strong>Pjes\u00ebt e provimit<\/strong><\/span><\/p>\n<p><span style=\"color: #000000;\">&nbsp; &nbsp; &nbsp; &nbsp; &nbsp; <strong>T\u00eb lexuarit:<\/strong><\/span><\/p>\n<ul>\n<li><span style=\"color: #000000;\">Kjo pjes\u00eb ka 4 detyra n\u00eb p\u00ebrb\u00ebrje t\u00eb saj. Kjo pjes\u00eb konsiston n\u00eb t\u00eb kuptuarit e teksteve t\u00eb ndryshme autentike nga Austria, Gjermania dhe Zvicra ku do t\u00eb shqyrtojn\u00eb p\u00ebrmbledhjen dhe p\u00ebrmbajtjen e tyre individuale bazuar n\u00eb kat\u00ebr detyra.<\/span><\/li>\n<\/ul>\n<p>&nbsp;<br \/>\n<span style=\"color: #000000;\">&nbsp; &nbsp; &nbsp; &nbsp; &nbsp; <strong>T\u00eb d\u00ebgjuarit:<\/strong><\/span><\/p>\n<ul>\n<li><span style=\"color: #000000;\">Kjo pjes\u00eb ka 3 detyra n\u00eb p\u00ebrb\u00ebrje t\u00eb saj. Kandidati do t\u00eb&nbsp; vler\u00ebsohet&nbsp; n\u00eb aft\u00ebsit\u00eb e t\u00eb kuptuarit n\u00eb detaje dhe t\u00eb kuptuarit selektiv t\u00eb gjuh\u00ebs standarde t\u00eb folur, n\u00eb &nbsp;tekste autentike d\u00ebgjimore&nbsp; nga Austria, Gjermania dhe Zvicra p\u00ebr \u00e7\u00ebshtje t\u00eb p\u00ebrgjithshme dhe specifike.<\/span><\/li>\n<li><span style=\"color: #000000;\">Koh\u00ebzgjatja: rreth 40 minuta<\/span><\/li>\n<\/ul>\n<p>&nbsp;<br \/>\n<span style=\"color: #000000;\">&nbsp; &nbsp; &nbsp; &nbsp; &nbsp; <strong>T\u00eb shkruarit:<\/strong><\/span><\/p>\n<ul>\n<li><span style=\"color: #000000;\">Kjo pjes\u00eb ka 2 detyra n\u00eb p\u00ebrb\u00ebrjen e saj. Kandidati do t\u00eb&nbsp; vler\u00ebsohet&nbsp; n\u00eb aft\u00ebsit\u00eb e t\u00eb shkruarit t\u00eb dy teksteve (email formal, arsyetim\/shprehje mendimi ). Provimi me shkrim vler\u00ebsohet sipas kritereve t\u00eb p\u00ebrcaktuara.<\/span><\/li>\n<li><span style=\"color: #000000;\">Koh\u00ebzgjatja: 70 minuta<\/span><\/li>\n<\/ul>\n<p>&nbsp;<br \/>\n<span style=\"color: #000000;\">&nbsp; &nbsp; &nbsp; &nbsp; &nbsp; <strong>T\u00eb folurit<\/strong><\/span><\/p>\n<ul>\n<li><span style=\"color: #000000;\">Provimi p\u00ebrfshin tre detyra: nj\u00eb bised\u00eb telefonike, nj\u00eb prezantim dhe nj\u00eb diskutim mbi tem\u00ebn e paraqitur. Provimi vler\u00ebsohet sipas kritereve t\u00eb p\u00ebrcaktuara.<\/span><\/li>\n<li><span style=\"color: #000000;\">Koh\u00ebzgjatja: rreth 20 minuta<\/span><\/li>\n<\/ul>\n<p>&nbsp;<\/p>\n<div class='sfsi_Sicons' style='width: 100%; display: inline-block; vertical-align: middle; text-align:right'><div style='margin:0px 8px 0px 0px; line-height: 24px'><span>Please follow and like us:<\/span><\/div><div class='sfsi_socialwpr'><div class='sf_subscrbe' style='text-align:left;float:left;width:93px'><a href=\"http:\/\/www.specificfeeds.com\/widgets\/emailSubscribeEncFeed\/UUJSMGNCQWZnNU5xcU14WkZPTHBpVGxMMURLVE0xb0JCQzZoM3JJOSswL244Q3c1RHZCeE1zaTdHSHBudFJUWTN0eDBLc0RNcU84NUxwVFpKaCtwaXU3enJobWwyU2NBY1dhV29jRkhtRWoxNk5uLzZud2o0bi8wUkdjcU1qbEZ8cTV3SzdSSURoTFJnYXFDMnRtbkxPSkpFUHJVUXRyRWV0OWpkMTBKUFc4UT0=\/OA==\/\" target=\"_blank\"><img decoding=\"async\" src=\"https:\/\/aie-osd.al\/wp-content\/plugins\/ultimate-social-media-icons\/images\/follow_subscribe.png\" \/><\/a><span class=\"bot_no\">20<\/span><\/div><div class='sf_fb' style='text-align:left;width:125px'><div class=\"fb-like\" href=\"https:\/\/aie-osd.al\/?page_id=1303\" width=\"180\" send=\"false\" showfaces=\"false\"  action=\"like\" data-share=\"true\"data-layout=\"button_count\" ><\/div><\/div><div class='sf_twiter' style='text-align:left;float:left;width:auto'><a href=\"http:\/\/twitter.com\/share\" class=\"sr-twitter-button twitter-share-button\" lang=\"en\" data-counturl=\"https:\/\/aie-osd.al\/?page_id=1303\" data-url=\"https:\/\/aie-osd.al\/?page_id=1303\" data-text=\"\u00d6SD Zertifikat C2\" ><\/a><\/div><div class='sf_pinit' style='text-align:left;float:left;line-height: 20px;width:100px'><a href=\"https:\/\/www.pinterest.com\/pin\/create\/button\/?url=&media=&description=\" data-pin-do=\"buttonPin\" data-pin-save=\"true\"data-pin-count=\"beside\"><\/a><\/div><div class='sf_google' style='text-align:left;float:left;max-width:62px;min-width:35px;'><div class=\"g-plusone\" data-href=\"https:\/\/aie-osd.al\/?page_id=1303\" data-size=\"large\" ><\/div><\/div><\/div><\/div>","protected":false},"excerpt":{"rendered":"<p>\u00c7ertifikata \u00d6SD C2 P\u00ebr provimin \u00d6SD C2, pjes\u00ebmarr\u00ebsit duhet t\u00eb jen\u00eb n\u00eb gjendje t\u00eb komunikojn\u00eb n\u00eb situata nga m\u00eb t\u00eb ndryshmet t\u00eb jet\u00ebs shoq\u00ebrore dhe profesionale edhe n\u00eb kontekstet m\u00eb komplekse. Me k\u00ebt\u00eb ekzaminim, profesor\u00ebt gjermano-fol\u00ebs kan\u00eb nj\u00eb kompetenc\u00eb gjith\u00ebp\u00ebrfshir\u00ebse <a href=\"https:\/\/aie-osd.al\/?page_id=1303\" class=\"read-more\">Read More &#8230;<\/a><\/p>\n","protected":false},"author":1,"featured_media":0,"parent":0,"menu_order":0,"comment_status":"closed","ping_status":"closed","template":"","meta":{"footnotes":""},"class_list":["post-1303","page","type-page","status-publish","hentry"],"_links":{"self":[{"href":"https:\/\/aie-osd.al\/index.php?rest_route=\/wp\/v2\/pages\/1303","targetHints":{"allow":["GET"]}}],"collection":[{"href":"https:\/\/aie-osd.al\/index.php?rest_route=\/wp\/v2\/pages"}],"about":[{"href":"https:\/\/aie-osd.al\/index.php?rest_route=\/wp\/v2\/types\/page"}],"author":[{"embeddable":true,"href":"https:\/\/aie-osd.al\/index.php?rest_route=\/wp\/v2\/users\/1"}],"replies":[{"embeddable":true,"href":"https:\/\/aie-osd.al\/index.php?rest_route=%2Fwp%2Fv2%2Fcomments&post=1303"}],"version-history":[{"count":11,"href":"https:\/\/aie-osd.al\/index.php?rest_route=\/wp\/v2\/pages\/1303\/revisions"}],"predecessor-version":[{"id":5399,"href":"https:\/\/aie-osd.al\/index.php?rest_route=\/wp\/v2\/pages\/1303\/revisions\/5399"}],"wp:attachment":[{"href":"https:\/\/aie-osd.al\/index.php?rest_route=%2Fwp%2Fv2%2Fmedia&parent=1303"}],"curies":[{"name":"wp","href":"https:\/\/api.w.org\/{rel}","templated":true}]}}