{"id":1351,"date":"2017-08-23T14:22:48","date_gmt":"2017-08-23T14:22:48","guid":{"rendered":"https:\/\/osd.al\/?page_id=1351"},"modified":"2020-11-17T09:51:07","modified_gmt":"2020-11-17T09:51:07","slug":"cfare-eshte-osd","status":"publish","type":"page","link":"https:\/\/aie-osd.al\/?page_id=1351","title":{"rendered":"\u00c7far\u00eb \u00ebsht\u00eb \u00d6SD?"},"content":{"rendered":"<p><span style=\"color: #0776b6;\"><strong>\u00d6SD &#8211; \u00d6sterreichisches Sprachdiplom Deutsch<\/strong><\/span><\/p>\n<p>Certifikata \u00d6SD \u00ebsht\u00eb nj\u00eb d\u00ebshmi e nivelit gjuh\u00ebsor t\u00eb gjermanishtes, e njohur n\u00eb rang nd\u00ebrkomb\u00ebtar dhe n\u00eb p\u00ebrputhje me shkall\u00ebt e niveleve gjuh\u00ebsore t\u00eb Kuadrit t\u00eb P\u00ebrbashk\u00ebt Evropian p\u00ebr Referencat e Gjuh\u00ebve (KPERGJ). \u00d6SD orientohet&nbsp; n\u00eb&nbsp; direktiva nd\u00ebrkomb\u00ebtare (K\u00ebshilli Evropian) dhe ofron certifikim t\u00eb standardizuar t\u00eb njohurive gjuh\u00ebsore. Qendra e provimeve \u00d6SD si pjes\u00eb e Institutit Austriak t\u00eb Ekselenc\u00ebs, \u00ebsht\u00eb themeluar n\u00eb Shtator t\u00eb vitit 2015 dhe mund\u00ebson realizimin e provimeve t\u00eb \u00d6SD nga niveli A1 deri n\u00eb nivelin C1.<\/p>\n<p>\u200b<\/p>\n<div class='sfsi_Sicons' style='width: 100%; display: inline-block; vertical-align: middle; text-align:right'><div style='margin:0px 8px 0px 0px; line-height: 24px'><span>Please follow and like us:<\/span><\/div><div class='sfsi_socialwpr'><div class='sf_subscrbe' style='text-align:left;float:left;width:93px'><a href=\"http:\/\/www.specificfeeds.com\/widgets\/emailSubscribeEncFeed\/UUJSMGNCQWZnNU5xcU14WkZPTHBpVGxMMURLVE0xb0JCQzZoM3JJOSswL244Q3c1RHZCeE1zaTdHSHBudFJUWTN0eDBLc0RNcU84NUxwVFpKaCtwaXU3enJobWwyU2NBY1dhV29jRkhtRWoxNk5uLzZud2o0bi8wUkdjcU1qbEZ8cTV3SzdSSURoTFJnYXFDMnRtbkxPSkpFUHJVUXRyRWV0OWpkMTBKUFc4UT0=\/OA==\/\" target=\"_blank\"><img decoding=\"async\" src=\"https:\/\/aie-osd.al\/wp-content\/plugins\/ultimate-social-media-icons\/images\/follow_subscribe.png\" \/><\/a><span class=\"bot_no\">20<\/span><\/div><div class='sf_fb' style='text-align:left;width:125px'><div class=\"fb-like\" href=\"https:\/\/aie-osd.al\/?page_id=1351\" width=\"180\" send=\"false\" showfaces=\"false\"  action=\"like\" data-share=\"true\"data-layout=\"button_count\" ><\/div><\/div><div class='sf_twiter' style='text-align:left;float:left;width:auto'><a href=\"http:\/\/twitter.com\/share\" class=\"sr-twitter-button twitter-share-button\" lang=\"en\" data-counturl=\"https:\/\/aie-osd.al\/?page_id=1351\" data-url=\"https:\/\/aie-osd.al\/?page_id=1351\" data-text=\"\u00c7far\u00eb \u00ebsht\u00eb \u00d6SD?\" ><\/a><\/div><div class='sf_pinit' style='text-align:left;float:left;line-height: 20px;width:100px'><a href=\"https:\/\/www.pinterest.com\/pin\/create\/button\/?url=&media=&description=\" data-pin-do=\"buttonPin\" data-pin-save=\"true\"data-pin-count=\"beside\"><\/a><\/div><div class='sf_google' style='text-align:left;float:left;max-width:62px;min-width:35px;'><div class=\"g-plusone\" data-href=\"https:\/\/aie-osd.al\/?page_id=1351\" data-size=\"large\" ><\/div><\/div><\/div><\/div>","protected":false},"excerpt":{"rendered":"<p>\u00d6SD &#8211; \u00d6sterreichisches Sprachdiplom Deutsch Certifikata \u00d6SD \u00ebsht\u00eb nj\u00eb d\u00ebshmi e nivelit gjuh\u00ebsor t\u00eb gjermanishtes, e njohur n\u00eb rang nd\u00ebrkomb\u00ebtar dhe n\u00eb p\u00ebrputhje me shkall\u00ebt e niveleve gjuh\u00ebsore t\u00eb Kuadrit t\u00eb P\u00ebrbashk\u00ebt Evropian p\u00ebr Referencat e Gjuh\u00ebve (KPERGJ). \u00d6SD orientohet&nbsp; <a href=\"https:\/\/aie-osd.al\/?page_id=1351\" class=\"read-more\">Read More &#8230;<\/a><\/p>\n","protected":false},"author":1,"featured_media":0,"parent":0,"menu_order":0,"comment_status":"closed","ping_status":"closed","template":"","meta":{"footnotes":""},"class_list":["post-1351","page","type-page","status-publish","hentry"],"_links":{"self":[{"href":"https:\/\/aie-osd.al\/index.php?rest_route=\/wp\/v2\/pages\/1351","targetHints":{"allow":["GET"]}}],"collection":[{"href":"https:\/\/aie-osd.al\/index.php?rest_route=\/wp\/v2\/pages"}],"about":[{"href":"https:\/\/aie-osd.al\/index.php?rest_route=\/wp\/v2\/types\/page"}],"author":[{"embeddable":true,"href":"https:\/\/aie-osd.al\/index.php?rest_route=\/wp\/v2\/users\/1"}],"replies":[{"embeddable":true,"href":"https:\/\/aie-osd.al\/index.php?rest_route=%2Fwp%2Fv2%2Fcomments&post=1351"}],"version-history":[{"count":19,"href":"https:\/\/aie-osd.al\/index.php?rest_route=\/wp\/v2\/pages\/1351\/revisions"}],"predecessor-version":[{"id":4326,"href":"https:\/\/aie-osd.al\/index.php?rest_route=\/wp\/v2\/pages\/1351\/revisions\/4326"}],"wp:attachment":[{"href":"https:\/\/aie-osd.al\/index.php?rest_route=%2Fwp%2Fv2%2Fmedia&parent=1351"}],"curies":[{"name":"wp","href":"https:\/\/api.w.org\/{rel}","templated":true}]}}