{"id":1365,"date":"2017-08-23T14:35:18","date_gmt":"2017-08-23T14:35:18","guid":{"rendered":"https:\/\/osd.al\/?page_id=1365"},"modified":"2022-04-14T09:43:14","modified_gmt":"2022-04-14T09:43:14","slug":"modele-provimi","status":"publish","type":"page","link":"https:\/\/aie-osd.al\/?page_id=1365","title":{"rendered":"Modele provimi"},"content":{"rendered":"<p>Testet e m\u00ebposhtme jan\u00eb shembuj.<\/p>\n<p>K\u00ebto shembuj &nbsp;duhet t&#8217;ju ndihmojn\u00eb n\u00eb p\u00ebrgatitjen p\u00ebr nj\u00eb situat\u00eb provimi autentike.<br \/>\nM\u00eb posht\u00eb mund t\u00eb shkarkoni flet\u00ebt e provimit, materialet audio dhe zgjidhjet.&nbsp;<\/p>\n<p><a href=\"https:\/\/aie-osd.al\/wp-content\/uploads\/2017\/08\/ZA1_MS-2-1.zip\" target=\"_blank\" rel=\"noopener\">Klikoni k\u00ebtu p\u00ebr download- shembull provimi A1<\/a><\/p>\n<p><a href=\"https:\/\/aie-osd.al\/wp-content\/uploads\/2017\/08\/ZA-2.zip\" target=\"_blank\" rel=\"noopener\">Klikoni k\u00ebtu p\u00ebr download- shembull provimi A2<\/a><\/p>\n<p><a href=\"https:\/\/aie-osd.al\/wp-content\/uploads\/2018\/07\/Modellsatz-ZB1_19_04_18.pdf\" target=\"_blank\" rel=\"noopener\">Klikoni k\u00ebtu p\u00ebr download- shembull provimi B1<\/a><\/p>\n<p><a href=\"https:\/\/aie-osd.al\/wp-content\/uploads\/2017\/08\/ZB2_MS-1.zip\" target=\"_blank\" rel=\"noopener\">Klikoni k\u00ebtu p\u00ebr download- shembull provimi B2<\/a><\/p>\n<p><a href=\"https:\/\/aie-osd.al\/wp-content\/uploads\/2018\/07\/ZC1-Homepage-M.pdf\" target=\"_blank\" rel=\"noopener\">Klikoni k\u00ebtu p\u00ebr download- shembull provimi C1<\/a><\/p>\n<p>&nbsp;<\/p>\n<div class='sfsi_Sicons' style='width: 100%; display: inline-block; vertical-align: middle; text-align:right'><div style='margin:0px 8px 0px 0px; line-height: 24px'><span>Please follow and like us:<\/span><\/div><div class='sfsi_socialwpr'><div class='sf_subscrbe' style='text-align:left;float:left;width:93px'><a href=\"http:\/\/www.specificfeeds.com\/widgets\/emailSubscribeEncFeed\/UUJSMGNCQWZnNU5xcU14WkZPTHBpVGxMMURLVE0xb0JCQzZoM3JJOSswL244Q3c1RHZCeE1zaTdHSHBudFJUWTN0eDBLc0RNcU84NUxwVFpKaCtwaXU3enJobWwyU2NBY1dhV29jRkhtRWoxNk5uLzZud2o0bi8wUkdjcU1qbEZ8cTV3SzdSSURoTFJnYXFDMnRtbkxPSkpFUHJVUXRyRWV0OWpkMTBKUFc4UT0=\/OA==\/\" target=\"_blank\"><img decoding=\"async\" src=\"https:\/\/aie-osd.al\/wp-content\/plugins\/ultimate-social-media-icons\/images\/follow_subscribe.png\" \/><\/a><span class=\"bot_no\">20<\/span><\/div><div class='sf_fb' style='text-align:left;width:125px'><div class=\"fb-like\" href=\"https:\/\/aie-osd.al\/?page_id=1365\" width=\"180\" send=\"false\" showfaces=\"false\"  action=\"like\" data-share=\"true\"data-layout=\"button_count\" ><\/div><\/div><div class='sf_twiter' style='text-align:left;float:left;width:auto'><a href=\"http:\/\/twitter.com\/share\" class=\"sr-twitter-button twitter-share-button\" lang=\"en\" data-counturl=\"https:\/\/aie-osd.al\/?page_id=1365\" data-url=\"https:\/\/aie-osd.al\/?page_id=1365\" data-text=\"Modele provimi\" ><\/a><\/div><div class='sf_pinit' style='text-align:left;float:left;line-height: 20px;width:100px'><a href=\"https:\/\/www.pinterest.com\/pin\/create\/button\/?url=&media=&description=\" data-pin-do=\"buttonPin\" data-pin-save=\"true\"data-pin-count=\"beside\"><\/a><\/div><div class='sf_google' style='text-align:left;float:left;max-width:62px;min-width:35px;'><div class=\"g-plusone\" data-href=\"https:\/\/aie-osd.al\/?page_id=1365\" data-size=\"large\" ><\/div><\/div><\/div><\/div>","protected":false},"excerpt":{"rendered":"<p>Testet e m\u00ebposhtme jan\u00eb shembuj. K\u00ebto shembuj &nbsp;duhet t&#8217;ju ndihmojn\u00eb n\u00eb p\u00ebrgatitjen p\u00ebr nj\u00eb situat\u00eb provimi autentike. M\u00eb posht\u00eb mund t\u00eb shkarkoni flet\u00ebt e provimit, materialet audio dhe zgjidhjet.&nbsp; Klikoni k\u00ebtu p\u00ebr download- shembull provimi A1 Klikoni k\u00ebtu p\u00ebr download- <a href=\"https:\/\/aie-osd.al\/?page_id=1365\" class=\"read-more\">Read More &#8230;<\/a><\/p>\n","protected":false},"author":1,"featured_media":0,"parent":1260,"menu_order":0,"comment_status":"closed","ping_status":"closed","template":"","meta":{"footnotes":""},"class_list":["post-1365","page","type-page","status-publish","hentry"],"_links":{"self":[{"href":"https:\/\/aie-osd.al\/index.php?rest_route=\/wp\/v2\/pages\/1365","targetHints":{"allow":["GET"]}}],"collection":[{"href":"https:\/\/aie-osd.al\/index.php?rest_route=\/wp\/v2\/pages"}],"about":[{"href":"https:\/\/aie-osd.al\/index.php?rest_route=\/wp\/v2\/types\/page"}],"author":[{"embeddable":true,"href":"https:\/\/aie-osd.al\/index.php?rest_route=\/wp\/v2\/users\/1"}],"replies":[{"embeddable":true,"href":"https:\/\/aie-osd.al\/index.php?rest_route=%2Fwp%2Fv2%2Fcomments&post=1365"}],"version-history":[{"count":13,"href":"https:\/\/aie-osd.al\/index.php?rest_route=\/wp\/v2\/pages\/1365\/revisions"}],"predecessor-version":[{"id":5625,"href":"https:\/\/aie-osd.al\/index.php?rest_route=\/wp\/v2\/pages\/1365\/revisions\/5625"}],"up":[{"embeddable":true,"href":"https:\/\/aie-osd.al\/index.php?rest_route=\/wp\/v2\/pages\/1260"}],"wp:attachment":[{"href":"https:\/\/aie-osd.al\/index.php?rest_route=%2Fwp%2Fv2%2Fmedia&parent=1365"}],"curies":[{"name":"wp","href":"https:\/\/api.w.org\/{rel}","templated":true}]}}