{"id":1367,"date":"2017-08-23T14:36:43","date_gmt":"2017-08-23T14:36:43","guid":{"rendered":"https:\/\/osd.al\/?page_id=1367"},"modified":"2022-12-20T15:26:01","modified_gmt":"2022-12-20T15:26:01","slug":"rregullore-e-provimit","status":"publish","type":"page","link":"https:\/\/aie-osd.al\/?page_id=1367","title":{"rendered":"Rregullorja e provimit"},"content":{"rendered":"<p><strong>Informacione mbi organizimin dhe zhvillimin e provimeve<\/strong><\/p>\n<ol>\n<li>AIEx\/ Qendra e Provimeve \u00d6SD \u00ebsht\u00eb insitucion i licensuar nga selia qendrore \u00d6SD n\u00eb Austri.<\/li>\n<li>Regjistrimi p\u00ebr provim b\u00ebhet vet\u00ebm online duke plot\u00ebsuar formularin me t\u00eb gjitha t\u00eb dh\u00ebnat e k\u00ebrkuara.<\/li>\n<li>Secili modul i provimit zhvillohet n\u00eb orarin e p\u00ebrcaktuar paraprakisht. K\u00ebto orare ju b\u00ebhen me dije pjes\u00ebmarr\u00ebsve p\u00ebrmes nj\u00eb emaili.<\/li>\n<li>Mbi rregullat e brendshme t\u00eb realizimit t\u00eb provimit:\n<ul>\n<li>Pjes\u00ebmarr\u00ebsi duhet t\u00eb paraqitet ne provimin ne orarin e paracaktuar.<\/li>\n<li>Gjat\u00eb provimeve t\u00eb nivelit B2 dhe C1 n\u00eb provim lejohet edhe fjalori (respektivisht dy-gjuh\u00ebsh dhe nj\u00eb-gjuh\u00ebsh), i cili kontrollohet m\u00eb par\u00eb nga personeli v\u00ebzhgues.<\/li>\n<li>\u00c7do material tjet\u00ebr, si flet\u00ebt e provimit, flet\u00ebt e zgjidhjeve, flet\u00ebt e bardha vihen n\u00eb dispozicion nga qendra q\u00eb zhvillon provime dhe jan\u00eb t\u00eb vulosura me vul\u00ebn autentike t\u00eb \u00d6SD.<\/li>\n<li>P\u00ebrpara fillimit t\u00eb provimit, mblidhet \u00e7do pajisje elektronike, celular, radio, or\u00eb smart, MP3, kufje etj.<\/li>\n<li>\u00c7do detyr\u00eb shpjegohet paraprakisht nga ekzaminator\u00ebt p\u00ebrkat\u00ebs dhe pasi \u00ebsht\u00eb sqaruar n\u00eb detaj, fillohet provimi, gjat\u00eb t\u00eb cilit nuk lejohet asnj\u00eb komunikim i m\u00ebtejsh\u00ebm.<\/li>\n<li>Me mbarimin e\u00a0\u00e7do moduli, mblidhet \u00e7do material i p\u00ebrdorur nga pjes\u00ebmarr\u00ebsit.<\/li>\n<li>N\u00eb provimin me goj\u00eb mund\u00ebsit\u00eb e realizimit t\u00eb provimit jan\u00eb dy: provim individual ose provim i shoq\u00ebruar (2 pjes\u00ebmarr\u00ebs nj\u00ebkoh\u00ebsisht)<\/li>\n<li>N\u00eb \u00e7do klas\u00eb nevojiten 2 ekzaminator\u00eb dhe nj\u00eb provim total vler\u00ebsohet nga 4 ekzaminator\u00eb.<\/li>\n<\/ul>\n<\/li>\n<li>Me mbarimin e provimit, te gjitha materialet e provimit d\u00ebrgohen p\u00ebr korrigjim n\u00eb zyrat qendrore t\u00eb \u00d6SD(Austri).<\/li>\n<li>Informimi mbi rezultatet e provimit ju komunikohet p\u00ebrmes nj\u00eb emaili.<\/li>\n<\/ol>\n<div class='sfsi_Sicons' style='width: 100%; display: inline-block; vertical-align: middle; text-align:right'><div style='margin:0px 8px 0px 0px; line-height: 24px'><span>Please follow and like us:<\/span><\/div><div class='sfsi_socialwpr'><div class='sf_subscrbe' style='text-align:left;float:left;width:93px'><a href=\"http:\/\/www.specificfeeds.com\/widgets\/emailSubscribeEncFeed\/UUJSMGNCQWZnNU5xcU14WkZPTHBpVGxMMURLVE0xb0JCQzZoM3JJOSswL244Q3c1RHZCeE1zaTdHSHBudFJUWTN0eDBLc0RNcU84NUxwVFpKaCtwaXU3enJobWwyU2NBY1dhV29jRkhtRWoxNk5uLzZud2o0bi8wUkdjcU1qbEZ8cTV3SzdSSURoTFJnYXFDMnRtbkxPSkpFUHJVUXRyRWV0OWpkMTBKUFc4UT0=\/OA==\/\" target=\"_blank\"><img decoding=\"async\" src=\"https:\/\/aie-osd.al\/wp-content\/plugins\/ultimate-social-media-icons\/images\/follow_subscribe.png\" \/><\/a><span class=\"bot_no\">20<\/span><\/div><div class='sf_fb' style='text-align:left;width:125px'><div class=\"fb-like\" href=\"https:\/\/aie-osd.al\/?page_id=1367\" width=\"180\" send=\"false\" showfaces=\"false\"  action=\"like\" data-share=\"true\"data-layout=\"button_count\" ><\/div><\/div><div class='sf_twiter' style='text-align:left;float:left;width:auto'><a href=\"http:\/\/twitter.com\/share\" class=\"sr-twitter-button twitter-share-button\" lang=\"en\" data-counturl=\"https:\/\/aie-osd.al\/?page_id=1367\" data-url=\"https:\/\/aie-osd.al\/?page_id=1367\" data-text=\"Rregullorja e provimit\" ><\/a><\/div><div class='sf_pinit' style='text-align:left;float:left;line-height: 20px;width:100px'><a href=\"https:\/\/www.pinterest.com\/pin\/create\/button\/?url=&media=&description=\" data-pin-do=\"buttonPin\" data-pin-save=\"true\"data-pin-count=\"beside\"><\/a><\/div><div class='sf_google' style='text-align:left;float:left;max-width:62px;min-width:35px;'><div class=\"g-plusone\" data-href=\"https:\/\/aie-osd.al\/?page_id=1367\" data-size=\"large\" ><\/div><\/div><\/div><\/div>","protected":false},"excerpt":{"rendered":"<p>Informacione mbi organizimin dhe zhvillimin e provimeve AIEx\/ Qendra e Provimeve \u00d6SD \u00ebsht\u00eb insitucion i licensuar nga selia qendrore \u00d6SD n\u00eb Austri. Regjistrimi p\u00ebr provim b\u00ebhet vet\u00ebm online duke plot\u00ebsuar formularin me t\u00eb gjitha t\u00eb dh\u00ebnat e k\u00ebrkuara. Secili modul <a href=\"https:\/\/aie-osd.al\/?page_id=1367\" class=\"read-more\">Read More &#8230;<\/a><\/p>\n","protected":false},"author":1,"featured_media":0,"parent":1260,"menu_order":0,"comment_status":"closed","ping_status":"closed","template":"","meta":{"footnotes":""},"class_list":["post-1367","page","type-page","status-publish","hentry"],"_links":{"self":[{"href":"https:\/\/aie-osd.al\/index.php?rest_route=\/wp\/v2\/pages\/1367","targetHints":{"allow":["GET"]}}],"collection":[{"href":"https:\/\/aie-osd.al\/index.php?rest_route=\/wp\/v2\/pages"}],"about":[{"href":"https:\/\/aie-osd.al\/index.php?rest_route=\/wp\/v2\/types\/page"}],"author":[{"embeddable":true,"href":"https:\/\/aie-osd.al\/index.php?rest_route=\/wp\/v2\/users\/1"}],"replies":[{"embeddable":true,"href":"https:\/\/aie-osd.al\/index.php?rest_route=%2Fwp%2Fv2%2Fcomments&post=1367"}],"version-history":[{"count":27,"href":"https:\/\/aie-osd.al\/index.php?rest_route=\/wp\/v2\/pages\/1367\/revisions"}],"predecessor-version":[{"id":5728,"href":"https:\/\/aie-osd.al\/index.php?rest_route=\/wp\/v2\/pages\/1367\/revisions\/5728"}],"up":[{"embeddable":true,"href":"https:\/\/aie-osd.al\/index.php?rest_route=\/wp\/v2\/pages\/1260"}],"wp:attachment":[{"href":"https:\/\/aie-osd.al\/index.php?rest_route=%2Fwp%2Fv2%2Fmedia&parent=1367"}],"curies":[{"name":"wp","href":"https:\/\/api.w.org\/{rel}","templated":true}]}}