{"id":1398,"date":"2017-08-24T08:09:40","date_gmt":"2017-08-24T08:09:40","guid":{"rendered":"https:\/\/osd.al\/?page_id=1398"},"modified":"2022-04-14T10:49:59","modified_gmt":"2022-04-14T10:49:59","slug":"rregjistrimi","status":"publish","type":"page","link":"https:\/\/aie-osd.al\/?page_id=1398","title":{"rendered":"Procedura e Regjistrimit"},"content":{"rendered":"<p><strong>Si mund t\u00eb regjistrohem p\u00ebr kurs?<\/strong><\/p>\n<p>Regjistrimi p\u00ebr kurs b\u00ebhet online n\u00eb faqen ton\u00eb zyrtare:&nbsp;<a href=\"https:\/\/www.aie-osd.al\/\">www.aie-osd.al<\/a><\/p>\n<p>Pasi t\u00eb kryeni regjistrimin online do t\u00eb kontaktoheni n\u00ebp\u00ebrmjet adres\u00ebs s\u00eb e-mail-it nga stafi yn\u00eb p\u00ebr vazhdimin e procedur\u00ebs.<\/p>\n<p>P\u00ebr \u00e7do paqart\u00ebsi, mos ngurroni t\u00eb na shkruani n\u00eb:&nbsp;<a href=\"mailto:kurse@osd.al\">kurse@aie-osd.al<\/a> ose na vizitoni n\u00eb adres\u00ebn:<\/p>\n<p>Rr. Dibr\u00ebs, Kompleksi Halili, Godina C1, H.2, Kati 1, Zyra 4, 1017, Tiran\u00eb, Shqip\u00ebri<\/p>\n<p>Orari i takimeve:<\/p>\n<p>E h\u00ebn\u00eb: 09:00 \u2013 12:00<\/p>\n<p>E mart\u00eb: 09:00 &#8211; 12:00<\/p>\n<p>E m\u00ebrkur\u00eb: 09:00 &#8211; 12:00 &amp; 15:00 &#8211; 17:00<\/p>\n<p>E enjte: 09:00 &#8211; 12:00<\/p>\n<p>E premte: 09:00 \u2013 12:00<\/p>\n<p><em>Gjat\u00eb dit\u00ebve t\u00eb festave zyrtare dhe dit\u00ebve t\u00eb provimeve zyra do t\u00eb jet\u00eb e mbyllur.<\/em><\/p>\n<p>Kontakt: 044 81 33 03<\/p>\n<p><strong>Si mund t\u00eb regjistrohem p\u00ebr nj\u00eb provim?<\/strong><\/p>\n<p>Regjistrimi p\u00ebr provim b\u00ebhet online n\u00eb faqen ton\u00eb zyrtare&nbsp;<a href=\"http:\/\/www.osd.al\/\">www.aie-osd.al<\/a><\/p>\n<p>Pasi t\u00eb kryeni regjistrimin online do t\u00eb kontaktoheni n\u00ebp\u00ebrmjet adres\u00ebs s\u00eb e-mail nga stafi yn\u00eb p\u00ebr vazhdimin e procedur\u00ebs.<\/p>\n<p>P\u00ebr \u00e7do paqart\u00ebsi, mos ngurroni t\u00eb na shkruani n\u00eb&nbsp;<a href=\"mailto:office@aie-osd.al\">office@aie-osd.al<\/a> ose na vizitoni n\u00eb adres\u00ebn:<\/p>\n<p>Rr. Dibr\u00ebs, Kompleksi Halili, Godina C1, H.2, Kati 1, Zyra 4, 1017, Tiran\u00eb, Shqip\u00ebri<\/p>\n<p>Orari i takimeve:&nbsp;<\/p>\n<p>E h\u00ebn\u00eb: 09:00 \u2013 12:00<\/p>\n<p>E mart\u00eb: 09:00 &#8211; 12:00<\/p>\n<p>E m\u00ebrkur\u00eb: 09:00 &#8211; 12:00 &amp; 15:00 &#8211; 17:00<\/p>\n<p>E enjte: 09:00 &#8211; 12:00<\/p>\n<p>E premte: 09:00 \u2013 12:00<\/p>\n<p><em>Gjat\u00eb dit\u00ebve t\u00eb festave zyrtare dhe dit\u00ebve t\u00eb provimeve zyra do t\u00eb jet\u00eb e mbyllur.<\/em><\/p>\n<p>Kontakt: 044 81 33 03<\/p>\n<div class='sfsi_Sicons' style='width: 100%; display: inline-block; vertical-align: middle; text-align:right'><div style='margin:0px 8px 0px 0px; line-height: 24px'><span>Please follow and like us:<\/span><\/div><div class='sfsi_socialwpr'><div class='sf_subscrbe' style='text-align:left;float:left;width:93px'><a href=\"http:\/\/www.specificfeeds.com\/widgets\/emailSubscribeEncFeed\/UUJSMGNCQWZnNU5xcU14WkZPTHBpVGxMMURLVE0xb0JCQzZoM3JJOSswL244Q3c1RHZCeE1zaTdHSHBudFJUWTN0eDBLc0RNcU84NUxwVFpKaCtwaXU3enJobWwyU2NBY1dhV29jRkhtRWoxNk5uLzZud2o0bi8wUkdjcU1qbEZ8cTV3SzdSSURoTFJnYXFDMnRtbkxPSkpFUHJVUXRyRWV0OWpkMTBKUFc4UT0=\/OA==\/\" target=\"_blank\"><img decoding=\"async\" src=\"https:\/\/aie-osd.al\/wp-content\/plugins\/ultimate-social-media-icons\/images\/follow_subscribe.png\" \/><\/a><span class=\"bot_no\">20<\/span><\/div><div class='sf_fb' style='text-align:left;width:125px'><div class=\"fb-like\" href=\"https:\/\/aie-osd.al\/?page_id=1398\" width=\"180\" send=\"false\" showfaces=\"false\"  action=\"like\" data-share=\"true\"data-layout=\"button_count\" ><\/div><\/div><div class='sf_twiter' style='text-align:left;float:left;width:auto'><a href=\"http:\/\/twitter.com\/share\" class=\"sr-twitter-button twitter-share-button\" lang=\"en\" data-counturl=\"https:\/\/aie-osd.al\/?page_id=1398\" data-url=\"https:\/\/aie-osd.al\/?page_id=1398\" data-text=\"Procedura e Regjistrimit\" ><\/a><\/div><div class='sf_pinit' style='text-align:left;float:left;line-height: 20px;width:100px'><a href=\"https:\/\/www.pinterest.com\/pin\/create\/button\/?url=&media=&description=\" data-pin-do=\"buttonPin\" data-pin-save=\"true\"data-pin-count=\"beside\"><\/a><\/div><div class='sf_google' style='text-align:left;float:left;max-width:62px;min-width:35px;'><div class=\"g-plusone\" data-href=\"https:\/\/aie-osd.al\/?page_id=1398\" data-size=\"large\" ><\/div><\/div><\/div><\/div>","protected":false},"excerpt":{"rendered":"<p>Si mund t\u00eb regjistrohem p\u00ebr kurs? Regjistrimi p\u00ebr kurs b\u00ebhet online n\u00eb faqen ton\u00eb zyrtare:&nbsp;www.aie-osd.al Pasi t\u00eb kryeni regjistrimin online do t\u00eb kontaktoheni n\u00ebp\u00ebrmjet adres\u00ebs s\u00eb e-mail-it nga stafi yn\u00eb p\u00ebr vazhdimin e procedur\u00ebs. P\u00ebr \u00e7do paqart\u00ebsi, mos ngurroni t\u00eb <a href=\"https:\/\/aie-osd.al\/?page_id=1398\" class=\"read-more\">Read More &#8230;<\/a><\/p>\n","protected":false},"author":1,"featured_media":0,"parent":0,"menu_order":0,"comment_status":"closed","ping_status":"closed","template":"","meta":{"footnotes":""},"class_list":["post-1398","page","type-page","status-publish","hentry"],"_links":{"self":[{"href":"https:\/\/aie-osd.al\/index.php?rest_route=\/wp\/v2\/pages\/1398","targetHints":{"allow":["GET"]}}],"collection":[{"href":"https:\/\/aie-osd.al\/index.php?rest_route=\/wp\/v2\/pages"}],"about":[{"href":"https:\/\/aie-osd.al\/index.php?rest_route=\/wp\/v2\/types\/page"}],"author":[{"embeddable":true,"href":"https:\/\/aie-osd.al\/index.php?rest_route=\/wp\/v2\/users\/1"}],"replies":[{"embeddable":true,"href":"https:\/\/aie-osd.al\/index.php?rest_route=%2Fwp%2Fv2%2Fcomments&post=1398"}],"version-history":[{"count":15,"href":"https:\/\/aie-osd.al\/index.php?rest_route=\/wp\/v2\/pages\/1398\/revisions"}],"predecessor-version":[{"id":5618,"href":"https:\/\/aie-osd.al\/index.php?rest_route=\/wp\/v2\/pages\/1398\/revisions\/5618"}],"wp:attachment":[{"href":"https:\/\/aie-osd.al\/index.php?rest_route=%2Fwp%2Fv2%2Fmedia&parent=1398"}],"curies":[{"name":"wp","href":"https:\/\/api.w.org\/{rel}","templated":true}]}}