{"id":2302,"date":"2017-08-29T13:07:31","date_gmt":"2017-08-29T13:07:31","guid":{"rendered":"https:\/\/osd.al\/?page_id=2302"},"modified":"2022-04-15T14:55:43","modified_gmt":"2022-04-15T14:55:43","slug":"kurset-ne-klase","status":"publish","type":"page","link":"https:\/\/aie-osd.al\/?page_id=2302","title":{"rendered":"Kurs n\u00eb klas\u00eb"},"content":{"rendered":"<p>&nbsp; Instituti Austriak i Ekselences (AIEx) ofron kurse t\u00eb gjuh\u00ebs gjermane, t\u00eb t\u00eb gjitha niveleve dhe p\u00ebr t\u00eb gjitha moshat. N\u00ebse jeni student, apo d\u00ebshironi t\u00eb m\u00ebsoni gjermanishten p\u00ebr karrieren tuaj apo p\u00ebr t\u00eb kaluar koh\u00ebn e lir\u00eb, Instituti ju ofron metoda bashk\u00ebkoho <a href=\"https:\/\/aie-osd.al\/?page_id=2302\" title=\"Read more on %s\" class=\"more-link\">read more<\/a><\/p>\n","protected":false},"excerpt":{"rendered":"<p>&nbsp; Instituti Austriak i Ekselences (AIEx) ofron kurse t\u00eb gjuh\u00ebs gjermane, t\u00eb t\u00eb gjitha niveleve dhe p\u00ebr t\u00eb gjitha moshat. N\u00ebse jeni student, apo d\u00ebshironi t\u00eb m\u00ebsoni gjermanishten p\u00ebr karrieren tuaj apo p\u00ebr t\u00eb kaluar koh\u00ebn e lir\u00eb, Instituti ju <a href=\"https:\/\/aie-osd.al\/?page_id=2302\" class=\"read-more\">Read More &#8230;<\/a><\/p>\n","protected":false},"author":1,"featured_media":0,"parent":1395,"menu_order":0,"comment_status":"closed","ping_status":"closed","template":"","meta":{"footnotes":""},"class_list":["post-2302","page","type-page","status-publish","hentry"],"_links":{"self":[{"href":"https:\/\/aie-osd.al\/index.php?rest_route=\/wp\/v2\/pages\/2302","targetHints":{"allow":["GET"]}}],"collection":[{"href":"https:\/\/aie-osd.al\/index.php?rest_route=\/wp\/v2\/pages"}],"about":[{"href":"https:\/\/aie-osd.al\/index.php?rest_route=\/wp\/v2\/types\/page"}],"author":[{"embeddable":true,"href":"https:\/\/aie-osd.al\/index.php?rest_route=\/wp\/v2\/users\/1"}],"replies":[{"embeddable":true,"href":"https:\/\/aie-osd.al\/index.php?rest_route=%2Fwp%2Fv2%2Fcomments&post=2302"}],"version-history":[{"count":59,"href":"https:\/\/aie-osd.al\/index.php?rest_route=\/wp\/v2\/pages\/2302\/revisions"}],"predecessor-version":[{"id":5645,"href":"https:\/\/aie-osd.al\/index.php?rest_route=\/wp\/v2\/pages\/2302\/revisions\/5645"}],"up":[{"embeddable":true,"href":"https:\/\/aie-osd.al\/index.php?rest_route=\/wp\/v2\/pages\/1395"}],"wp:attachment":[{"href":"https:\/\/aie-osd.al\/index.php?rest_route=%2Fwp%2Fv2%2Fmedia&parent=2302"}],"curies":[{"name":"wp","href":"https:\/\/api.w.org\/{rel}","templated":true}]}}