{"id":2716,"date":"2017-09-05T08:46:55","date_gmt":"2017-09-05T08:46:55","guid":{"rendered":"https:\/\/osd.al\/?page_id=2716"},"modified":"2020-02-13T09:54:25","modified_gmt":"2020-02-13T09:54:25","slug":"osd","status":"publish","type":"page","link":"https:\/\/aie-osd.al\/?page_id=2716","title":{"rendered":"\u00d6SD"},"content":{"rendered":"<p>Nivelet dhe provimet \u00d6SD A1 A2 B1 B2 C1 C2 Kujdes!\u00d6SD- Termat e ekzaminimit nga 2015A1\u00a0\u00d6SD Zertifikat A1\u00a0(bisher: Grundstufe Deutsch 1)A2\u00a0\u00d6SD Zertifikat A2\u00a0(bisher: Grundstufe Deutsch 2)B1\u00a0\u00d6SD Zertifikat B1 \u00d6SD Zertifikat B1 \/ JugendlicheB2\u00a0\u00d6SD Zertifikat B2\u00a0(bisher: Mi <a href=\"https:\/\/aie-osd.al\/?page_id=2716\" title=\"Read more on %s\" class=\"more-link\">read more<\/a><\/p>\n","protected":false},"excerpt":{"rendered":"<p>Nivelet dhe provimet \u00d6SD A1 A2 B1 B2 C1 C2 Kujdes!\u00d6SD- Termat e ekzaminimit nga 2015A1\u00a0\u00d6SD Zertifikat A1\u00a0(bisher: Grundstufe Deutsch 1)A2\u00a0\u00d6SD Zertifikat A2\u00a0(bisher: Grundstufe Deutsch 2)B1\u00a0\u00d6SD Zertifikat B1 \u00d6SD Zertifikat B1 \/ JugendlicheB2\u00a0\u00d6SD Zertifikat B2\u00a0(bisher: Mi read more<\/p>\n","protected":false},"author":1,"featured_media":0,"parent":0,"menu_order":0,"comment_status":"closed","ping_status":"closed","template":"","meta":{"footnotes":""},"class_list":["post-2716","page","type-page","status-publish","hentry"],"_links":{"self":[{"href":"https:\/\/aie-osd.al\/index.php?rest_route=\/wp\/v2\/pages\/2716","targetHints":{"allow":["GET"]}}],"collection":[{"href":"https:\/\/aie-osd.al\/index.php?rest_route=\/wp\/v2\/pages"}],"about":[{"href":"https:\/\/aie-osd.al\/index.php?rest_route=\/wp\/v2\/types\/page"}],"author":[{"embeddable":true,"href":"https:\/\/aie-osd.al\/index.php?rest_route=\/wp\/v2\/users\/1"}],"replies":[{"embeddable":true,"href":"https:\/\/aie-osd.al\/index.php?rest_route=%2Fwp%2Fv2%2Fcomments&post=2716"}],"version-history":[{"count":121,"href":"https:\/\/aie-osd.al\/index.php?rest_route=\/wp\/v2\/pages\/2716\/revisions"}],"predecessor-version":[{"id":4206,"href":"https:\/\/aie-osd.al\/index.php?rest_route=\/wp\/v2\/pages\/2716\/revisions\/4206"}],"wp:attachment":[{"href":"https:\/\/aie-osd.al\/index.php?rest_route=%2Fwp%2Fv2%2Fmedia&parent=2716"}],"curies":[{"name":"wp","href":"https:\/\/api.w.org\/{rel}","templated":true}]}}