{"id":4196,"date":"2020-02-13T09:58:02","date_gmt":"2020-02-13T09:58:02","guid":{"rendered":"https:\/\/aie-osd.al\/?page_id=4196"},"modified":"2022-12-23T15:09:03","modified_gmt":"2022-12-23T15:09:03","slug":"4196-2","status":"publish","type":"page","link":"https:\/\/aie-osd.al\/","title":{"rendered":""},"content":{"rendered":"\t\t<div data-elementor-type=\"wp-page\" data-elementor-id=\"4196\" class=\"elementor elementor-4196 elementor-bc-flex-widget\">\n\t\t\t\t\t\t\t\t\t<section class=\"elementor-section elementor-top-section elementor-element elementor-element-c88a2ab elementor-section-boxed elementor-section-height-default elementor-section-height-default\" data-id=\"c88a2ab\" data-element_type=\"section\">\n\t\t\t\t\t\t<div class=\"elementor-container elementor-column-gap-default\">\n\t\t\t\t\t<div class=\"elementor-column elementor-col-100 elementor-top-column elementor-element elementor-element-da2c5d7\" data-id=\"da2c5d7\" data-element_type=\"column\">\n\t\t\t<div class=\"elementor-widget-wrap elementor-element-populated\">\n\t\t\t\t\t\t\t\t<div class=\"elementor-element elementor-element-c5744a5 elementor-pagination-position-outside elementor-widget elementor-widget-image-carousel\" data-id=\"c5744a5\" data-element_type=\"widget\" data-settings=\"{&quot;slides_to_show&quot;:&quot;1&quot;,&quot;navigation&quot;:&quot;dots&quot;,&quot;autoplay&quot;:&quot;yes&quot;,&quot;pause_on_hover&quot;:&quot;yes&quot;,&quot;pause_on_interaction&quot;:&quot;yes&quot;,&quot;autoplay_speed&quot;:5000,&quot;infinite&quot;:&quot;yes&quot;,&quot;effect&quot;:&quot;slide&quot;,&quot;speed&quot;:500}\" data-widget_type=\"image-carousel.default\">\n\t\t\t\t<div class=\"elementor-widget-container\">\n\t\t\t<style>\/*! elementor - v3.17.0 - 08-11-2023 *\/\n.elementor-widget-image-carousel .swiper,.elementor-widget-image-carousel .swiper-container{position:static}.elementor-widget-image-carousel .swiper-container .swiper-slide figure,.elementor-widget-image-carousel .swiper .swiper-slide figure{line-height:inherit}.elementor-widget-image-carousel .swiper-slide{text-align:center}.elementor-image-carousel-wrapper:not(.swiper-container-initialized):not(.swiper-initialized) .swiper-slide{max-width:calc(100% \/ var(--e-image-carousel-slides-to-show, 3))}<\/style>\t\t<div class=\"elementor-image-carousel-wrapper swiper\" dir=\"ltr\">\n\t\t\t<div class=\"elementor-image-carousel swiper-wrapper\" aria-live=\"off\">\n\t\t\t\t\t\t\t\t<div class=\"swiper-slide\" role=\"group\" aria-roledescription=\"slide\" aria-label=\"1 of 4\"><a data-elementor-open-lightbox=\"yes\" data-elementor-lightbox-slideshow=\"c5744a5\" data-elementor-lightbox-title=\"osd-003-1-768x512\" data-e-action-hash=\"#elementor-action%3Aaction%3Dlightbox%26settings%3DeyJpZCI6NTAzMCwidXJsIjoiaHR0cHM6XC9cL2FpZS1vc2QuYWxcL3dwLWNvbnRlbnRcL3VwbG9hZHNcLzIwMjJcLzAyXC9vc2QtMDAzLTEtNzY4eDUxMi5wbmciLCJzbGlkZXNob3ciOiJjNTc0NGE1In0%3D\" href=\"https:\/\/aie-osd.al\/provime\/datat-e-provimeve\/\"><figure class=\"swiper-slide-inner\"><img decoding=\"async\" class=\"swiper-slide-image\" src=\"https:\/\/aie-osd.al\/wp-content\/uploads\/2022\/02\/osd-003-1-768x512-768x512.png\" alt=\"Three students\" \/><\/figure><\/a><\/div><div class=\"swiper-slide\" role=\"group\" aria-roledescription=\"slide\" aria-label=\"2 of 4\"><a data-elementor-open-lightbox=\"yes\" data-elementor-lightbox-slideshow=\"c5744a5\" data-elementor-lightbox-title=\"osd-002-768x512\" data-e-action-hash=\"#elementor-action%3Aaction%3Dlightbox%26settings%3DeyJpZCI6NTAzMSwidXJsIjoiaHR0cHM6XC9cL2FpZS1vc2QuYWxcL3dwLWNvbnRlbnRcL3VwbG9hZHNcLzIwMjJcLzAyXC9vc2QtMDAyLTc2OHg1MTIucG5nIiwic2xpZGVzaG93IjoiYzU3NDRhNSJ9\" href=\"https:\/\/aie-osd.al\/provime\/datat-e-provimeve\/\"><figure class=\"swiper-slide-inner\"><img decoding=\"async\" class=\"swiper-slide-image\" src=\"https:\/\/aie-osd.al\/wp-content\/uploads\/2022\/02\/osd-002-768x512-768x512.png\" alt=\"Teenager\" \/><\/figure><\/a><\/div><div class=\"swiper-slide\" role=\"group\" aria-roledescription=\"slide\" aria-label=\"3 of 4\"><a data-elementor-open-lightbox=\"yes\" data-elementor-lightbox-slideshow=\"c5744a5\" data-elementor-lightbox-title=\"osd-001-768x512\" data-e-action-hash=\"#elementor-action%3Aaction%3Dlightbox%26settings%3DeyJpZCI6NTAzMiwidXJsIjoiaHR0cHM6XC9cL2FpZS1vc2QuYWxcL3dwLWNvbnRlbnRcL3VwbG9hZHNcLzIwMjJcLzAyXC9vc2QtMDAxLTc2OHg1MTIucG5nIiwic2xpZGVzaG93IjoiYzU3NDRhNSJ9\" href=\"https:\/\/aie-osd.al\/provime\/datat-e-provimeve\/\"><figure class=\"swiper-slide-inner\"><img decoding=\"async\" class=\"swiper-slide-image\" src=\"https:\/\/aie-osd.al\/wp-content\/uploads\/2022\/02\/osd-001-768x512-768x512.png\" alt=\"Group of student\" \/><\/figure><\/a><\/div><div class=\"swiper-slide\" role=\"group\" aria-roledescription=\"slide\" aria-label=\"4 of 4\"><a data-elementor-open-lightbox=\"yes\" data-elementor-lightbox-slideshow=\"c5744a5\" data-elementor-lightbox-title=\"osd-004-768x601\" data-e-action-hash=\"#elementor-action%3Aaction%3Dlightbox%26settings%3DeyJpZCI6NTAzMywidXJsIjoiaHR0cHM6XC9cL2FpZS1vc2QuYWxcL3dwLWNvbnRlbnRcL3VwbG9hZHNcLzIwMjJcLzAyXC9vc2QtMDA0LTc2OHg2MDEucG5nIiwic2xpZGVzaG93IjoiYzU3NDRhNSJ9\" href=\"https:\/\/aie-osd.al\/provime\/datat-e-provimeve\/\"><figure class=\"swiper-slide-inner\"><img decoding=\"async\" class=\"swiper-slide-image\" src=\"https:\/\/aie-osd.al\/wp-content\/uploads\/2022\/02\/osd-004-768x601-768x601.png\" alt=\"osd-004-768x601\" \/><\/figure><\/a><\/div>\t\t\t<\/div>\n\t\t\t\t\t\t\t\n\t\t\t\t\t\t\t\t\t<div class=\"swiper-pagination\"><\/div>\n\t\t\t\t\t\t\t\t\t<\/div>\n\t\t\t\t<\/div>\n\t\t\t\t<\/div>\n\t\t\t\t\t<\/div>\n\t\t<\/div>\n\t\t\t\t\t\t\t<\/div>\n\t\t<\/section>\n\t\t\t\t<section class=\"elementor-section elementor-top-section elementor-element elementor-element-a6ff876 elementor-section-boxed elementor-section-height-default elementor-section-height-default\" data-id=\"a6ff876\" data-element_type=\"section\">\n\t\t\t\t\t\t<div class=\"elementor-container elementor-column-gap-default\">\n\t\t\t\t\t<div class=\"elementor-column elementor-col-100 elementor-top-column elementor-element elementor-element-50c3ba7\" data-id=\"50c3ba7\" data-element_type=\"column\">\n\t\t\t<div class=\"elementor-widget-wrap elementor-element-populated\">\n\t\t\t\t\t\t\t\t<div class=\"elementor-element elementor-element-cde4414 elementor-widget elementor-widget-heading\" data-id=\"cde4414\" data-element_type=\"widget\" data-widget_type=\"heading.default\">\n\t\t\t\t<div class=\"elementor-widget-container\">\n\t\t\t<style>\/*! elementor - v3.17.0 - 08-11-2023 *\/\n.elementor-heading-title{padding:0;margin:0;line-height:1}.elementor-widget-heading .elementor-heading-title[class*=elementor-size-]>a{color:inherit;font-size:inherit;line-height:inherit}.elementor-widget-heading .elementor-heading-title.elementor-size-small{font-size:15px}.elementor-widget-heading .elementor-heading-title.elementor-size-medium{font-size:19px}.elementor-widget-heading .elementor-heading-title.elementor-size-large{font-size:29px}.elementor-widget-heading .elementor-heading-title.elementor-size-xl{font-size:39px}.elementor-widget-heading .elementor-heading-title.elementor-size-xxl{font-size:59px}<\/style><h1 class=\"elementor-heading-title elementor-size-large\">Nivelet dhe provimet \u00d6SD<\/h1>\t\t<\/div>\n\t\t\t\t<\/div>\n\t\t\t\t\t<\/div>\n\t\t<\/div>\n\t\t\t\t\t\t\t<\/div>\n\t\t<\/section>\n\t\t\t\t<section class=\"elementor-section elementor-top-section elementor-element elementor-element-6494d4c elementor-section-boxed elementor-section-height-default elementor-section-height-default\" data-id=\"6494d4c\" data-element_type=\"section\">\n\t\t\t\t\t\t<div class=\"elementor-container elementor-column-gap-default\">\n\t\t\t\t\t<div class=\"elementor-column elementor-col-100 elementor-top-column elementor-element elementor-element-42b1ce3\" data-id=\"42b1ce3\" data-element_type=\"column\">\n\t\t\t<div class=\"elementor-widget-wrap elementor-element-populated\">\n\t\t\t\t\t\t\t\t<div class=\"elementor-element elementor-element-4805ce1 elementor-widget elementor-widget-html\" data-id=\"4805ce1\" data-element_type=\"widget\" data-widget_type=\"html.default\">\n\t\t\t\t<div class=\"elementor-widget-container\">\n\t\t\t\r\n<style>\r\n#gkMainbody + #gkMainbodyBottom {\r\n    margin-top: 0;\r\n    padding-top: 10px;\r\n}\r\n#gkMainbodyTop .box, #gkMainbodyBottom .box {\r\n    padding-left: 0;\r\n    padding-right: 0;\r\n}\r\n.box {\r\n    color: #888;\r\n    line-height: 1.6;\r\n    width: 100%;\r\n}\r\n.kurse-testime-rezultate {\r\n    display: flex;\r\n    flex-wrap: wrap;\r\n    justify-content: space-between;\r\n}\r\n@media(min-width: 1000px) {\r\n\r\n.kurse-testime-rezultate.provime .cols {\r\n    \r\n    flex: 0 48% !important;\r\n}\r\n}\r\n.kurse-testime-rezultate.provime .cols.test-a1 {\r\n    background: #FACA8A !important;\r\n}\r\n.kurse-testime-rezultate.provime .cols.test-a2 {\r\n    background: #FEF097 !important;\r\n}\r\n.kurse-testime-rezultate.provime .cols.test-b1 {\r\n    background: #BED21A !important;\r\n}\r\n.kurse-testime-rezultate.provime .cols.test-b2 {\r\n    background: #349930 !important;\r\n}\r\n.kurse-testime-rezultate.provime .cols.test-c1 {\r\n    background: #90D4F6 !important;\r\n}\r\n.kurse-testime-rezultate.provime .cols.test-c2 {\r\n    background: #009fe3 !important;\r\n}\r\n.kurse-testime-rezultate.provime .cols {\r\n    min-height: 150px !important;\r\n    border-radius: 10px;\r\n    flex: 0 45%;\r\n    margin: 5px !important;\r\n}\r\n.provime-page .kurse-testime-rezultate .cols {\r\n    flex: 1 0 24%;\r\n    margin: 24px;\r\n    border-radius: 10px;\r\n    min-height: 200px;\r\n    background-size: cover !important;\r\n    background-position: center !important;\r\n    background-repeat: no-repeat !important;\r\n    position: relative;\r\n}\r\n.kurse-testime-rezultate.provime .cols:hover {\r\n    transform: scale(1.02);\r\n}\r\n.kurse-testime-rezultate.provime .cols a {\r\n    color: black !important;\r\n    text-decoration: none;\r\n    \r\n}\r\n.box a {\r\n    text-decoration: none;\r\n    color: #666;\r\n}\r\n.kurse-testime-rezultate .inner-cols .titulli {\r\n    padding: 15px;\r\n}\r\n.kurse-testime-rezultate .inner-cols .titulli span {\r\n    font-size: 20px;\r\n    font-weight: 500;\r\n    flex-shrink: 0;\r\n    flex-grow: 1;\r\n}\r\n\r\n\r\n.kurse-testime-rezultate.provime .inner-cols { \r\n\tdisplay: flex;\r\n    width: 100%;\r\n    height: 100%;\r\n    align-items: end;\r\n}\r\n.mesimdhenie { \r\n    margin-top: 20px;\r\n    padding-left: 10px;\r\n    color:black;\r\n}\r\n.par{\r\n    margin-: -88px\r\n}\r\n<\/style>\r\n\r\n\r\n<section id=\"gkMainbodyBottom\">\r\n   <div class=\"box \">\r\n      <div class=\"content\">\r\n         <div class=\"custom \">\r\n            <div class=\"kurse-testime-rezultate provime\">\r\n               <div class=\"cols test-a1\">\r\n                  <a href=\"https:\/\/aie-osd.al\/?page_id=2116\">\r\n                     <div class=\"inner-cols\">\r\n                        <div class=\"titulli\">\r\n                           <span>A1 <\/span> <br>\r\n                           \u00d6SD Zertifikat A1\r\n                        <\/div>\r\n                     <\/div>\r\n                  <\/a>\r\n               <\/div>\r\n               <div class=\"cols test-a2\">\r\n                  <a href=\"https:\/\/aie-osd.al\/?page_id=1291\">\r\n                     <div class=\"inner-cols\">\r\n                        <div class=\"titulli\"> \r\n                           <span>A2<\/span> <br>\r\n                           \u00d6SD Zertifikat A2\r\n                        <\/div>\r\n                     <\/div>\r\n                  <\/a>\r\n               <\/div>\r\n               <div class=\"cols test-b1\">\r\n                  <a href=\"https:\/\/aie-osd.al\/?page_id=1293\">\r\n                     <div class=\"inner-cols\">\r\n                        <div class=\"titulli\"> \r\n                           <span>B1<\/span> <br>\r\n                           \u00d6SD Zertifikat B1 \r\n                        <\/div>\r\n                     <\/div>\r\n                  <\/a>\r\n               <\/div>\r\n               <div class=\"cols test-b2\">\r\n                  <a href=\"https:\/\/aie-osd.al\/?page_id=1297\">\r\n                     <div class=\"inner-cols\">\r\n                        <div class=\"titulli\">\r\n                           <span>B2<\/span> <br>\r\n                           \u00d6SD Zertifikat B2 \r\n                        <\/div>\r\n                     <\/div>\r\n                  <\/a>\r\n               <\/div>\r\n               <div class=\"cols test-c1\">\r\n                  <a href=\"https:\/\/aie-osd.al\/?page_id=1300\">\r\n                     <div class=\"inner-cols\">\r\n                        <div class=\"titulli\"> \r\n                           <span>C1<\/span> <br>\r\n                           \u00d6SD Zertifikat C1 \r\n                        <\/div>\r\n                     <\/div>\r\n                  <\/a>\r\n               <\/div>\r\n               <div class=\"cols test-c2\">\r\n                  <a href=\"https:\/\/aie-osd.al\/?page_id=1303\">\r\n                     <div class=\"inner-cols\">\r\n                        <div class=\"titulli\"> \r\n                           <span>C2<\/span> <br>\r\n                           \u00d6SD Zertifikat C2 \r\n                        <\/div>\r\n                     <\/div>\r\n                  <\/a>\r\n               <\/div>\r\n               \r\n            <\/div>\r\n            <div class=\"mesimdhenie\">\r\n               <strong>\u00d6SD \u2013 \u00d6sterreichisches Sprachdiplom Deutsch<\/strong> <br>\r\n               <h111 id=\"par\">Certifikata \u00d6SD \u00ebsht\u00eb nj\u00eb d\u00ebshmi e nivelit gjuh\u00ebsor t\u00eb gjermanishtes, e njohur n\u00eb rang nd\u00ebrkomb\u00ebtar dhe n\u00eb p\u00ebrputhje me shkall\u00ebt e niveleve gjuh\u00ebsore t\u00eb Kuadrit t\u00eb P\u00ebrbashk\u00ebt Evropian p\u00ebr Referencat e Gjuh\u00ebve (KPERGJ). \u00d6SD orientohet n\u00eb direktiva nd\u00ebrkomb\u00ebtare (K\u00ebshilli Evropian) dhe ofron certifikim t\u00eb standardizuar t\u00eb njohurive gjuh\u00ebsore. Qendra e licensuar e provimeve, \u00d6SD, si pjes\u00eb e Institutit Austriak t\u00eb Ekselenc\u00ebs, \u00ebsht\u00eb themeluar n\u00eb Shtator t\u00eb vitit 2015 dhe mund\u00ebson realizimin e provimeve t\u00eb gjuh\u00ebs gjermane nga niveli A1 deri n\u00eb nivelin C1.<\/h111>\r\n            <\/div>\r\n         <\/div>\r\n      <\/div>\r\n   <\/div>\r\n<\/section>\r\n\r\n\r\n\r\n\t\t<\/div>\n\t\t\t\t<\/div>\n\t\t\t\t\t<\/div>\n\t\t<\/div>\n\t\t\t\t\t\t\t<\/div>\n\t\t<\/section>\n\t\t\t\t\t\t\t<\/div>\n\t\t<div class='sfsi_Sicons' style='width: 100%; display: inline-block; vertical-align: middle; text-align:right'><div style='margin:0px 8px 0px 0px; line-height: 24px'><span>Please follow and like us:<\/span><\/div><div class='sfsi_socialwpr'><div class='sf_subscrbe' style='text-align:left;float:left;width:93px'><a href=\"http:\/\/www.specificfeeds.com\/widgets\/emailSubscribeEncFeed\/UUJSMGNCQWZnNU5xcU14WkZPTHBpVGxMMURLVE0xb0JCQzZoM3JJOSswL244Q3c1RHZCeE1zaTdHSHBudFJUWTN0eDBLc0RNcU84NUxwVFpKaCtwaXU3enJobWwyU2NBY1dhV29jRkhtRWoxNk5uLzZud2o0bi8wUkdjcU1qbEZ8cTV3SzdSSURoTFJnYXFDMnRtbkxPSkpFUHJVUXRyRWV0OWpkMTBKUFc4UT0=\/OA==\/\" target=\"_blank\"><img decoding=\"async\" src=\"https:\/\/aie-osd.al\/wp-content\/plugins\/ultimate-social-media-icons\/images\/follow_subscribe.png\" \/><\/a><span class=\"bot_no\">20<\/span><\/div><div class='sf_fb' style='text-align:left;width:125px'><div class=\"fb-like\" href=\"https:\/\/aie-osd.al\/\" width=\"180\" send=\"false\" showfaces=\"false\"  action=\"like\" data-share=\"true\"data-layout=\"button_count\" ><\/div><\/div><div class='sf_twiter' style='text-align:left;float:left;width:auto'><a href=\"http:\/\/twitter.com\/share\" class=\"sr-twitter-button twitter-share-button\" lang=\"en\" data-counturl=\"https:\/\/aie-osd.al\/\" data-url=\"https:\/\/aie-osd.al\/\" data-text=\"\" ><\/a><\/div><div class='sf_pinit' style='text-align:left;float:left;line-height: 20px;width:100px'><a href=\"https:\/\/www.pinterest.com\/pin\/create\/button\/?url=&media=&description=\" data-pin-do=\"buttonPin\" data-pin-save=\"true\"data-pin-count=\"beside\"><\/a><\/div><div class='sf_google' style='text-align:left;float:left;max-width:62px;min-width:35px;'><div class=\"g-plusone\" data-href=\"https:\/\/aie-osd.al\/\" data-size=\"large\" ><\/div><\/div><\/div><\/div>","protected":false},"excerpt":{"rendered":"<p>Nivelet dhe provimet \u00d6SD A1 \u00d6SD Zertifikat A1 A2 \u00d6SD Zertifikat A2 B1 \u00d6SD Zertifikat B1 B2 \u00d6SD Zertifikat B2 C1 \u00d6SD Zertifikat C1 C2 \u00d6SD Zertifikat C2 \u00d6SD \u2013 \u00d6sterreichisches Sprachdiplom Deutsch Certifikata \u00d6SD \u00ebsht\u00eb nj\u00eb d\u00ebshmi e nivelit <a href=\"https:\/\/aie-osd.al\/\" class=\"read-more\">Read More &#8230;<\/a><\/p>\n","protected":false},"author":1,"featured_media":0,"parent":0,"menu_order":0,"comment_status":"closed","ping_status":"closed","template":"","meta":{"footnotes":""},"class_list":["post-4196","page","type-page","status-publish","hentry"],"_links":{"self":[{"href":"https:\/\/aie-osd.al\/index.php?rest_route=\/wp\/v2\/pages\/4196","targetHints":{"allow":["GET"]}}],"collection":[{"href":"https:\/\/aie-osd.al\/index.php?rest_route=\/wp\/v2\/pages"}],"about":[{"href":"https:\/\/aie-osd.al\/index.php?rest_route=\/wp\/v2\/types\/page"}],"author":[{"embeddable":true,"href":"https:\/\/aie-osd.al\/index.php?rest_route=\/wp\/v2\/users\/1"}],"replies":[{"embeddable":true,"href":"https:\/\/aie-osd.al\/index.php?rest_route=%2Fwp%2Fv2%2Fcomments&post=4196"}],"version-history":[{"count":50,"href":"https:\/\/aie-osd.al\/index.php?rest_route=\/wp\/v2\/pages\/4196\/revisions"}],"predecessor-version":[{"id":5756,"href":"https:\/\/aie-osd.al\/index.php?rest_route=\/wp\/v2\/pages\/4196\/revisions\/5756"}],"wp:attachment":[{"href":"https:\/\/aie-osd.al\/index.php?rest_route=%2Fwp%2Fv2%2Fmedia&parent=4196"}],"curies":[{"name":"wp","href":"https:\/\/api.w.org\/{rel}","templated":true}]}}