{"id":4315,"date":"2020-08-31T14:06:00","date_gmt":"2020-08-31T14:06:00","guid":{"rendered":"https:\/\/aie-osd.al\/?page_id=4315"},"modified":"2022-04-15T14:45:48","modified_gmt":"2022-04-15T14:45:48","slug":"kurse-e-learning","status":"publish","type":"page","link":"https:\/\/aie-osd.al\/?page_id=4315","title":{"rendered":"Kurse E-learning"},"content":{"rendered":"<p>AIEx E-learning \u00c7far\u00eb \u00ebsht\u00eb e-Learning? E-learning \u00ebsht\u00eb nj\u00eb metod\u00eb inovative p\u00ebr m\u00ebsimin e gjuh\u00ebs gjermane, nj\u00eb platform\u00eb unike e krijuar nga AIEx p\u00ebr zhvillimin e m\u00ebsimit kurdo dhe kudo q\u00eb ndodheni, nj\u00ebsoj si n\u00eb klas\u00eb. Cilat jan\u00eb avantazhet e E-learning? 1.Standardi:  <a href=\"https:\/\/aie-osd.al\/?page_id=4315\" title=\"Read more on %s\" class=\"more-link\">read more<\/a><\/p>\n","protected":false},"excerpt":{"rendered":"<p>AIEx E-learning \u00c7far\u00eb \u00ebsht\u00eb e-Learning? E-learning \u00ebsht\u00eb nj\u00eb metod\u00eb inovative p\u00ebr m\u00ebsimin e gjuh\u00ebs gjermane, nj\u00eb platform\u00eb unike e krijuar nga AIEx p\u00ebr zhvillimin e m\u00ebsimit kurdo dhe kudo q\u00eb ndodheni, nj\u00ebsoj si n\u00eb klas\u00eb. Cilat jan\u00eb avantazhet e E-learning? <a href=\"https:\/\/aie-osd.al\/?page_id=4315\" class=\"read-more\">Read More &#8230;<\/a><\/p>\n","protected":false},"author":1,"featured_media":0,"parent":0,"menu_order":0,"comment_status":"closed","ping_status":"closed","template":"","meta":{"footnotes":""},"class_list":["post-4315","page","type-page","status-publish","hentry"],"_links":{"self":[{"href":"https:\/\/aie-osd.al\/index.php?rest_route=\/wp\/v2\/pages\/4315","targetHints":{"allow":["GET"]}}],"collection":[{"href":"https:\/\/aie-osd.al\/index.php?rest_route=\/wp\/v2\/pages"}],"about":[{"href":"https:\/\/aie-osd.al\/index.php?rest_route=\/wp\/v2\/types\/page"}],"author":[{"embeddable":true,"href":"https:\/\/aie-osd.al\/index.php?rest_route=\/wp\/v2\/users\/1"}],"replies":[{"embeddable":true,"href":"https:\/\/aie-osd.al\/index.php?rest_route=%2Fwp%2Fv2%2Fcomments&post=4315"}],"version-history":[{"count":10,"href":"https:\/\/aie-osd.al\/index.php?rest_route=\/wp\/v2\/pages\/4315\/revisions"}],"predecessor-version":[{"id":5642,"href":"https:\/\/aie-osd.al\/index.php?rest_route=\/wp\/v2\/pages\/4315\/revisions\/5642"}],"wp:attachment":[{"href":"https:\/\/aie-osd.al\/index.php?rest_route=%2Fwp%2Fv2%2Fmedia&parent=4315"}],"curies":[{"name":"wp","href":"https:\/\/api.w.org\/{rel}","templated":true}]}}